{"id":154,"date":"2011-10-18T18:57:21","date_gmt":"2011-10-18T16:57:21","guid":{"rendered":"http:\/\/sjupunktett.se\/?page_id=154"},"modified":"2013-07-18T15:31:39","modified_gmt":"2013-07-18T13:31:39","slug":"filservern","status":"publish","type":"page","link":"http:\/\/old.sjupunktett.se\/?page_id=154","title":{"rendered":"Filservern"},"content":{"rendered":"<h4 style=\"text-align: left;\">Ett enkelt s\u00e4tt att l\u00e4mna och h\u00e4mta filer.<\/h4>\n<h4 style=\"text-align: left;\">Via l\u00e4nken kommer ni till Filemanager download.<\/h4>\n<h4 style=\"text-align: left;\"><a title=\"Filserver download\" href=\"https:\/\/kunder.dyndns-server.com\/cgi-bin\/filemanager\/\" target=\"_blank\">https:\/\/kunder.dyndns-server.com\/cgi-bin\/filemanager\/<\/a><\/h4>\n<h4 style=\"text-align: left;\">Anv\u00e4ndarnamn: ftpguest<\/h4>\n<h4 style=\"text-align: left;\">L\u00f6sen: ftpguest<\/h4>\n<p>&nbsp;<\/p>\n","protected":false},"excerpt":{"rendered":"<p>Ett enkelt s\u00e4tt att l\u00e4mna och h\u00e4mta filer. Via l\u00e4nken kommer ni till Filemanager download. https:\/\/kunder.dyndns-server.com\/cgi-bin\/filemanager\/ Anv\u00e4ndarnamn: ftpguest L\u00f6sen: ftpguest &nbsp;<\/p>\n","protected":false},"author":2,"featured_media":0,"parent":0,"menu_order":500,"comment_status":"closed","ping_status":"closed","template":"","meta":[],"_links":{"self":[{"href":"http:\/\/old.sjupunktett.se\/index.php?rest_route=\/wp\/v2\/pages\/154"}],"collection":[{"href":"http:\/\/old.sjupunktett.se\/index.php?rest_route=\/wp\/v2\/pages"}],"about":[{"href":"http:\/\/old.sjupunktett.se\/index.php?rest_route=\/wp\/v2\/types\/page"}],"author":[{"embeddable":true,"href":"http:\/\/old.sjupunktett.se\/index.php?rest_route=\/wp\/v2\/users\/2"}],"replies":[{"embeddable":true,"href":"http:\/\/old.sjupunktett.se\/index.php?rest_route=%2Fwp%2Fv2%2Fcomments&post=154"}],"version-history":[{"count":1,"href":"http:\/\/old.sjupunktett.se\/index.php?rest_route=\/wp\/v2\/pages\/154\/revisions"}],"predecessor-version":[{"id":330,"href":"http:\/\/old.sjupunktett.se\/index.php?rest_route=\/wp\/v2\/pages\/154\/revisions\/330"}],"wp:attachment":[{"href":"http:\/\/old.sjupunktett.se\/index.php?rest_route=%2Fwp%2Fv2%2Fmedia&parent=154"}],"curies":[{"name":"wp","href":"https:\/\/api.w.org\/{rel}","templated":true}]}}