{"id":11,"date":"2011-04-01T20:25:20","date_gmt":"2011-04-01T18:25:20","guid":{"rendered":"http:\/\/sjupunktett.se\/?page_id=11"},"modified":"2013-07-18T15:32:17","modified_gmt":"2013-07-18T13:32:17","slug":"produkter-och-tjanster","status":"publish","type":"page","link":"http:\/\/old.sjupunktett.se\/?page_id=11","title":{"rendered":"Produkter och tj\u00e4nster"},"content":{"rendered":"<h4>Vi \u00e4r ett fullservicef\u00f6retag som erbjuder produkter och tj\u00e4nster inom reklam. M\u00e5let \u00e4r att du som kund skall kunna vinna tid och pengar samt slippa engagera dig i mer \u00e4n vad du har tid och lust med. Du kan k\u00e4nna dig trygg med att vi levererar i tid.<\/h4>\n<h4>Vi hj\u00e4lper dig fr\u00e5n din id\u00e9 till f\u00e4rdig produkt.<\/h4>\n<h4>Genom v\u00e5rt breda kontaktn\u00e4t kan vi anlita oberoende leverant\u00f6rer att komplettera v\u00e5ra tj\u00e4nster med, allt med en mycket tilltalande kostnadsbild.<\/h4>\n<ul>\n<li>\n<h4>Original<\/h4>\n<\/li>\n<li>\n<h4>Layout<\/h4>\n<\/li>\n<li>\n<h4>Bildretusch och digital bildbehandling<\/h4>\n<\/li>\n<li>\n<h4>Trycksaker<\/h4>\n<\/li>\n<li>\n<h4>Fotografering: all typ av fotografering<\/h4>\n<\/li>\n<li>\n<h4>Tryckf\u00e4rdigt material<\/h4>\n<\/li>\n<li>\n<h4>M\u00e4ssmaterial<\/h4>\n<\/li>\n<li>\n<h4>Annonser f\u00f6r alla typer av media och exponeringsytor<\/h4>\n<\/li>\n<\/ul>\n<h4><a href=\"http:\/\/old.sjupunktett.se\/wp-content\/uploads\/2011\/04\/certfogra.png\"><img loading=\"lazy\" class=\"alignleft size-medium wp-image-12\" title=\"certfogra\" src=\"http:\/\/old.sjupunktett.se\/wp-content\/uploads\/2011\/04\/certfogra-300x87.png\" alt=\"\" width=\"300\" height=\"87\" srcset=\"http:\/\/old.sjupunktett.se\/wp-content\/uploads\/2011\/04\/certfogra-300x87.png 300w, http:\/\/old.sjupunktett.se\/wp-content\/uploads\/2011\/04\/certfogra.png 533w\" sizes=\"(max-width: 300px) 100vw, 300px\" \/><\/a><\/h4>\n","protected":false},"excerpt":{"rendered":"<p>Vi \u00e4r ett fullservicef\u00f6retag som erbjuder produkter och tj\u00e4nster inom reklam. M\u00e5let \u00e4r att du som kund skall kunna vinna tid och pengar samt slippa engagera dig i mer \u00e4n vad du har tid och lust med. Du kan k\u00e4nna &hellip; <a href=\"http:\/\/old.sjupunktett.se\/?page_id=11\">Continue reading <span class=\"meta-nav\">&rarr;<\/span><\/a><\/p>\n","protected":false},"author":2,"featured_media":0,"parent":0,"menu_order":200,"comment_status":"closed","ping_status":"closed","template":"","meta":[],"_links":{"self":[{"href":"http:\/\/old.sjupunktett.se\/index.php?rest_route=\/wp\/v2\/pages\/11"}],"collection":[{"href":"http:\/\/old.sjupunktett.se\/index.php?rest_route=\/wp\/v2\/pages"}],"about":[{"href":"http:\/\/old.sjupunktett.se\/index.php?rest_route=\/wp\/v2\/types\/page"}],"author":[{"embeddable":true,"href":"http:\/\/old.sjupunktett.se\/index.php?rest_route=\/wp\/v2\/users\/2"}],"replies":[{"embeddable":true,"href":"http:\/\/old.sjupunktett.se\/index.php?rest_route=%2Fwp%2Fv2%2Fcomments&post=11"}],"version-history":[{"count":2,"href":"http:\/\/old.sjupunktett.se\/index.php?rest_route=\/wp\/v2\/pages\/11\/revisions"}],"predecessor-version":[{"id":333,"href":"http:\/\/old.sjupunktett.se\/index.php?rest_route=\/wp\/v2\/pages\/11\/revisions\/333"}],"wp:attachment":[{"href":"http:\/\/old.sjupunktett.se\/index.php?rest_route=%2Fwp%2Fv2%2Fmedia&parent=11"}],"curies":[{"name":"wp","href":"https:\/\/api.w.org\/{rel}","templated":true}]}}